{"id":8700,"date":"2025-08-03T09:00:00","date_gmt":"2025-08-03T09:00:00","guid":{"rendered":"https:\/\/eratac.de\/info-service\/faq\/"},"modified":"2025-10-12T19:51:44","modified_gmt":"2025-10-12T17:51:44","slug":"faq","status":"publish","type":"page","link":"https:\/\/eratac.de\/en\/info-service\/faq\/","title":{"rendered":"FAQ"},"content":{"rendered":"<div class=\"wpb-content-wrapper\"><p>[vc_section][vc_row equal_height=\u201cyes\u201d el_id=\u201cfaq-kacheln\u201d el_class=\u201cfaq-kacheln\u201d][vc_column width=\u201c1\/4\u201d][vc_icon type=\u201cmaterial\u201d icon_material=\u201cvc-material vc-mate\u00adrial-announce\u00adment\u201d color=\u201cpink\u201d css=\u201d\u201d link=\u201curl:%23faq1|rel:nofollow\u201d][vc_custom_heading text=\u201c6 ques\u00adtions\u201d font_container=\u201ctag:div|text_align:left\u201d use_theme_fonts=\u201cyes\u201d css=\u201c\u201d][vc_custom_heading text=\u201cGeneral FAQ\u201d font_container=\u201ctag:h3|text_align:left|color:%23111111\u201d use_theme_fonts=\u201cyes\u201d css=\u201c\u201d][\/vc_column][vc_column width=\u201c1\/4\u201d][vc_icon type=\u201cmaterial\u201d icon_material=\u201cvc-material vc-mate\u00adrial-build\u201d color=\u201cpink\u201d css=\u201d\u201d link=\u201curl:%23faq2|rel:nofollow\u201d][vc_custom_heading text=\u201c4 ques\u00adtions\u201d font_container=\u201ctag:div|text_align:left\u201d use_theme_fonts=\u201cyes\u201d css=\u201c\u201d][vc_custom_heading text=\u201cTorque power\u201d font_container=\u201ctag:h3|text_align:left|color:%23111111\u201d use_theme_fonts=\u201cyes\u201d css=\u201c\u201d][\/vc_column][vc_column width=\u201c1\/4\u201d][vc_icon type=\u201cmaterial\u201d icon_material=\u201cvc-material vc-mate\u00adrial-format_\u00adpaint\u201d color=\u201cpink\u201d css=\u201d\u201d link=\u201curl:%23faq3\u201d][vc_custom_heading text=\u201c2 ques\u00adtions\u201d font_container=\u201ctag:div|text_align:left\u201d use_theme_fonts=\u201cyes\u201d css=\u201c\u201d][vc_custom_heading text=\u201cCustom Colors\u201d font_container=\u201ctag:h3|text_align:left|color:%23111111\u201d use_theme_fonts=\u201cyes\u201d css=\u201c\u201d][\/vc_column][vc_column width=\u201c1\/4\u201d][vc_icon type=\u201cmaterial\u201d icon_material=\u201cvc-material vc-mate\u00adrial-shop\u00adping_basket\u201d color=\u201cpink\u201d css=\u201d\u201d link=\u201curl:%23faq4\u201d][vc_custom_heading text=\u201c4 ques\u00adtions\u201d font_container=\u201ctag:div|text_align:left\u201d use_theme_fonts=\u201cyes\u201d css=\u201c\u201d][vc_custom_heading text=\u201cOrders\u201d font_container=\u201ctag:h3|text_align:left|color:%23111111\u201d use_theme_fonts=\u201cyes\u201d css=\u201c\u201d][\/vc_column][\/vc_row][vc_row][vc_column][vc_empty_space height=\u201c50px\u201d][\/vc_column][\/vc_row][vc_row el_id=\u201cfaq1\u201d][vc_column][vc_tta_accordion active_section=\u201c-1\u201d title=\u201cAllgemeine FAQ\u201d][vc_tta_section title=\u201cDo you recom\u00admend gluing the scope into the mount?\u201d tab_id=\u201c1732749524249-d2dbdf2a-996e\u201d][vc_column_text css=\u201c\u201d]As an alter\u00adna\u00adtive to gluing scopes into the mount in order to achieve a secure hold, we recom\u00admend the use of little pieces of latex cut out of a medical glove, which can be placed in the ring-halves to provide a very secure bond between mount and&nbsp;scope.<\/p>\n<p>Unlike glue, this latex ring is easy to remove and leaves no residue.[\/vc_column_text][\/vc_tta_section][vc_tta_section title=\u201cCan the ERATAC mounts also be clamped on Weaver rails?\u201d tab_id=\u201c1732749524258-6cee05b6-73e1\u201d][vc_column_text css=\u201c\u201d]No. Clamping is only possible on Picatinny rails.[\/vc_column_text][\/vc_tta_section][vc_tta_section title=\u201cWhat\u2019s the differ\u00adence between the Picatinny stan\u00addards STANAG 4694 and Mil.Std. 1913?\u201d tab_id=\u201c1747378794171-3090f933-0744\u201d][vc_column_text css=\u201c\u201d]More infor\u00adma\u00adtion about the Picatinny stan\u00addard can be found hier.[\/vc_column_text][\/vc_tta_section][vc_tta_section title=\u201cWhen do I need a one-piece mount with 2\u201c or 3\u2033 exten\u00adsion?\u201d tab_id=\u201c1747378797689-f7d44c6c-0cb6\u201d][vc_column_text css=\u201c\u201d]Primarily on AR15 guns to main\u00adtain proper eye relief.[\/vc_column_text][\/vc_tta_section][vc_tta_section title=\u201cWhat does MOA mean?\u201d tab_id=\u201c1747378985638-7adcc994-3d39\u201d][vc_column_text css=\u201c\u201d]MOA (Minute of Angle) means angle minute. 1 MOA equals 0.0166 \u00b0 or 2.91 cm at 100m distance.[\/vc_column_text][\/vc_tta_section][vc_tta_section title=\u201cIs it possible to also use KeyMod acces\u00adsories for H-Key?\u201d tab_id=\u201c1747378987716-2f68e65d-7f8a\u201d][vc_column_text css=\u201c\u201d]No! These are similar, but different fixing systems and they are not compatible.[\/vc_column_text][\/vc_tta_section][\/vc_tta_accordion][\/vc_column][\/vc_row][vc_row el_id=\u201cfaq2\u201d][vc_column][vc_tta_accordion active_section=\u201c-1\u201d title=\u201cAnzugsmomente\u201d][vc_tta_section title=\u201cWhat torque can be used to fasten the two torx (T25) screws of the Ultra\u00adlight one-piece mount to tighten it onto the Picatinny rail?\u201d tab_id=\u201c1732751300190-2f534130-1faa\u201d][vc_column_text css=\u201c\u201d]Both screws can be tight\u00adened with 7-8 NM. This value is also engraved on one side of the clamp jaws of the extended Ultra\u00adlight mount or on the bottom side of the short Ultra\u00adlight mount.[\/vc_column_text][\/vc_tta_section][vc_tta_section title=\u201cWith what tight\u00adening torque can the fastening screws for the upper half shells be tight\u00adened?\u201d tab_id=\u201c1732751300207-bc03f0a1-6a54\u201d][vc_column_text css=\u201c\u201d]Due to the differ\u00adences in mate\u00adrial and wall thick\u00adness of the tubular body, we can not give any infor\u00adma\u00adtion about the tight\u00adening torque of the fastening screws of the upper half shells.[\/vc_column_text][\/vc_tta_section][vc_tta_section title=\u201cWhat tight\u00adening torque can be used to tighten the 11mm hex nuts for clamping on the Picatinny rail?\u201d tab_id=\u201c1747379189190-b1e27b2a-25b9\u201d][vc_column_text css=\u201c\u201d]The hex nuts can be tight\u00adened with 10-12Nm. This infor\u00adma\u00adtion is also engraved on the hexagon nuts.[\/vc_column_text][\/vc_tta_section][vc_tta_section title=\u201cWith what tight\u00adening torque can the attach\u00adments for UNIVERSAL inter\u00adface be tight\u00adened?\u201d tab_id=\u201c1747379190591-5fd1df01-3e05\u201d][vc_column_text css=\u201c\u201d]The attach\u00adments for UNIVERSAL inter\u00adface can be tight\u00adened with max. 1.5Nm.[\/vc_column_text][\/vc_tta_section][\/vc_tta_accordion][\/vc_column][\/vc_row][vc_row el_id=\u201cfaq3\u201d][vc_column][vc_tta_accordion active_section=\u201c-1\u201d title=\u201cSonderfarben\u201d][vc_tta_section title=\u201cHow long is the delivery time for an article with CERAKOTE coating?\u201d tab_id=\u201c1732751313173-0adf1967-6598\u201d][vc_column_text css=\u201c\u201d]The delivery time is usually 6-8 weeks, in addi\u00adtion to the stan\u00addard delivery time.[\/vc_column_text][\/vc_tta_section][vc_tta_section title=\u201cHow much does the CERAKOTE coating cost for an ERATAC product?\u201d tab_id=\u201c1732751313191-467162ff-45a1\u201d][vc_column_text css=\u201c\u201d]The prices for the coating are not listed in the price lists. They depend on the type and number of the ordered item. Please send us a price request by email.[\/vc_column_text][\/vc_tta_section][\/vc_tta_accordion][\/vc_column][\/vc_row][vc_row el_id=\u201cfaq4\u201d][vc_column][vc_tta_accordion active_section=\u201c-1\u201d title=\u201cOrders\u201d bb_tab_container=\u201c\u201d][vc_tta_section title=\u201cCan I also order prod\u00aducts directly from RECK\u00adNAGEL as end customer?\u201d tab_id=\u201c1732751320349-1f065c3f-5fde\u201d][vc_column_text css=\u201c\u201d]All prod\u00aducts from the current ERATAC catalog can be ordered from specialist dealers, gunsmiths or directly from us.[\/vc_column_text][\/vc_tta_section][vc_tta_section title=\u201cHow can I place an order?\u201d tab_id=\u201c1732751320367-e5e69590-2d2f\u201d][vc_column_text css=\u201c\u201d]Send us your order by email with the required order numbers, your address, and tele\u00adphone number.<\/p>\n<p><\/p>\n<\/div>","protected":false},"excerpt":{"rendered":"<p>6 ques\u00adtionsGeneral FAQ4 ques\u00adtionsTorque power2 ques\u00adtionsCustom Colors4 ques\u00adtionsOrders Allge\u00admeine&nbsp;FAQDo you recom\u00admend gluing the scope into the&nbsp;mount? As an alter\u00adna\u00adtive to gluing scopes into the mount in order to achieve a secure hold, we recom\u00admend the use of little pieces of latex cut out of a medical glove, which can be placed in the ring-halves to\u2026<\/p>\n","protected":false},"author":1,"featured_media":0,"parent":8638,"menu_order":8,"comment_status":"closed","ping_status":"closed","template":"","meta":{"_acf_changed":false,"inline_featured_image":false,"wp_typography_post_enhancements_disabled":false,"footnotes":""},"class_list":["post-8700","page","type-page","status-publish","hentry"],"acf":[],"yoast_head":"<!-- This site is optimized with the Yoast SEO plugin v27.4 - https:\/\/yoast.com\/product\/yoast-seo-wordpress\/ -->\n<title>ERATAC - FAQ - Taktische Montagen<\/title>\n<meta name=\"description\" content=\"K\u00f6nnen die ERATAC-Montagen auch auf Weaver-Schienen geklemmt werden? Weitere Fragen \u00fcber Blockmontagen und Zubeh\u00f6r f\u00fcr Waffen finden Sie hier.\" \/>\n<meta name=\"robots\" content=\"index, follow, max-snippet:-1, max-image-preview:large, max-video-preview:-1\" \/>\n<link rel=\"canonical\" href=\"https:\/\/eratac.de\/en\/info-service\/faq\/\" \/>\n<meta property=\"og:locale\" content=\"en_US\" \/>\n<meta property=\"og:type\" content=\"article\" \/>\n<meta property=\"og:title\" content=\"ERATAC - FAQ - Taktische Montagen\" \/>\n<meta property=\"og:description\" content=\"K\u00f6nnen die ERATAC-Montagen auch auf Weaver-Schienen geklemmt werden? Weitere Fragen \u00fcber Blockmontagen und Zubeh\u00f6r f\u00fcr Waffen finden Sie hier.\" \/>\n<meta property=\"og:url\" content=\"https:\/\/eratac.de\/en\/info-service\/faq\/\" \/>\n<meta property=\"og:site_name\" content=\"ERATAC - Tactical Mounts\" \/>\n<meta property=\"article:modified_time\" content=\"2025-10-12T17:51:44+00:00\" \/>\n<meta name=\"twitter:card\" content=\"summary_large_image\" \/>\n<meta name=\"twitter:label1\" content=\"Est. reading time\" \/>\n\t<meta name=\"twitter:data1\" content=\"9 minutes\" \/>\n<script type=\"application\/ld+json\" class=\"yoast-schema-graph\">{\"@context\":\"https:\\\/\\\/schema.org\",\"@graph\":[{\"@type\":\"WebPage\",\"@id\":\"https:\\\/\\\/eratac.de\\\/en\\\/info-service\\\/faq\\\/\",\"url\":\"https:\\\/\\\/eratac.de\\\/en\\\/info-service\\\/faq\\\/\",\"name\":\"ERATAC - FAQ - Taktische Montagen\",\"isPartOf\":{\"@id\":\"https:\\\/\\\/eratac.de\\\/en\\\/#website\"},\"datePublished\":\"2025-08-03T09:00:00+00:00\",\"dateModified\":\"2025-10-12T17:51:44+00:00\",\"description\":\"K\u00f6nnen die ERATAC-Montagen auch auf Weaver-Schienen geklemmt werden? Weitere Fragen \u00fcber Blockmontagen und Zubeh\u00f6r f\u00fcr Waffen finden Sie hier.\",\"breadcrumb\":{\"@id\":\"https:\\\/\\\/eratac.de\\\/en\\\/info-service\\\/faq\\\/#breadcrumb\"},\"inLanguage\":\"en-US\",\"potentialAction\":[{\"@type\":\"ReadAction\",\"target\":[\"https:\\\/\\\/eratac.de\\\/en\\\/info-service\\\/faq\\\/\"]}]},{\"@type\":\"BreadcrumbList\",\"@id\":\"https:\\\/\\\/eratac.de\\\/en\\\/info-service\\\/faq\\\/#breadcrumb\",\"itemListElement\":[{\"@type\":\"ListItem\",\"position\":1,\"name\":\"Home\",\"item\":\"https:\\\/\\\/eratac.de\\\/en\\\/\"},{\"@type\":\"ListItem\",\"position\":2,\"name\":\"Info &amp; Service\",\"item\":\"https:\\\/\\\/eratac.de\\\/en\\\/info-service\\\/\"},{\"@type\":\"ListItem\",\"position\":3,\"name\":\"FAQ\"}]},{\"@type\":\"WebSite\",\"@id\":\"https:\\\/\\\/eratac.de\\\/en\\\/#website\",\"url\":\"https:\\\/\\\/eratac.de\\\/en\\\/\",\"name\":\"ERATAC - Tactical Mounts\",\"description\":\"eratac\",\"publisher\":{\"@id\":\"https:\\\/\\\/eratac.de\\\/en\\\/#organization\"},\"potentialAction\":[{\"@type\":\"SearchAction\",\"target\":{\"@type\":\"EntryPoint\",\"urlTemplate\":\"https:\\\/\\\/eratac.de\\\/en\\\/?s={search_term_string}\"},\"query-input\":{\"@type\":\"PropertyValueSpecification\",\"valueRequired\":true,\"valueName\":\"search_term_string\"}}],\"inLanguage\":\"en-US\"},{\"@type\":\"Organization\",\"@id\":\"https:\\\/\\\/eratac.de\\\/en\\\/#organization\",\"name\":\"ERATAC - Tactical Mounts\",\"url\":\"https:\\\/\\\/eratac.de\\\/en\\\/\",\"logo\":{\"@type\":\"ImageObject\",\"inLanguage\":\"en-US\",\"@id\":\"https:\\\/\\\/eratac.de\\\/en\\\/#\\\/schema\\\/logo\\\/image\\\/\",\"url\":\"https:\\\/\\\/eratac.de\\\/wp-content\\\/uploads\\\/logo-full.svg\",\"contentUrl\":\"https:\\\/\\\/eratac.de\\\/wp-content\\\/uploads\\\/logo-full.svg\",\"width\":446,\"height\":64,\"caption\":\"ERATAC - Tactical Mounts\"},\"image\":{\"@id\":\"https:\\\/\\\/eratac.de\\\/en\\\/#\\\/schema\\\/logo\\\/image\\\/\"}}]}<\/script>\n<!-- \/ Yoast SEO plugin. -->","yoast_head_json":{"title":"ERATAC - FAQ - Taktische Montagen","description":"K\u00f6nnen die ERATAC-Montagen auch auf Weaver-Schienen geklemmt werden? Weitere Fragen \u00fcber Blockmontagen und Zubeh\u00f6r f\u00fcr Waffen finden Sie hier.","robots":{"index":"index","follow":"follow","max-snippet":"max-snippet:-1","max-image-preview":"max-image-preview:large","max-video-preview":"max-video-preview:-1"},"canonical":"https:\/\/eratac.de\/en\/info-service\/faq\/","og_locale":"en_US","og_type":"article","og_title":"ERATAC - FAQ - Taktische Montagen","og_description":"K\u00f6nnen die ERATAC-Montagen auch auf Weaver-Schienen geklemmt werden? Weitere Fragen \u00fcber Blockmontagen und Zubeh\u00f6r f\u00fcr Waffen finden Sie hier.","og_url":"https:\/\/eratac.de\/en\/info-service\/faq\/","og_site_name":"ERATAC - Tactical Mounts","article_modified_time":"2025-10-12T17:51:44+00:00","twitter_card":"summary_large_image","twitter_misc":{"Est. reading time":"9 minutes"},"schema":{"@context":"https:\/\/schema.org","@graph":[{"@type":"WebPage","@id":"https:\/\/eratac.de\/en\/info-service\/faq\/","url":"https:\/\/eratac.de\/en\/info-service\/faq\/","name":"ERATAC - FAQ - Taktische Montagen","isPartOf":{"@id":"https:\/\/eratac.de\/en\/#website"},"datePublished":"2025-08-03T09:00:00+00:00","dateModified":"2025-10-12T17:51:44+00:00","description":"K\u00f6nnen die ERATAC-Montagen auch auf Weaver-Schienen geklemmt werden? Weitere Fragen \u00fcber Blockmontagen und Zubeh\u00f6r f\u00fcr Waffen finden Sie hier.","breadcrumb":{"@id":"https:\/\/eratac.de\/en\/info-service\/faq\/#breadcrumb"},"inLanguage":"en-US","potentialAction":[{"@type":"ReadAction","target":["https:\/\/eratac.de\/en\/info-service\/faq\/"]}]},{"@type":"BreadcrumbList","@id":"https:\/\/eratac.de\/en\/info-service\/faq\/#breadcrumb","itemListElement":[{"@type":"ListItem","position":1,"name":"Home","item":"https:\/\/eratac.de\/en\/"},{"@type":"ListItem","position":2,"name":"Info &amp; Service","item":"https:\/\/eratac.de\/en\/info-service\/"},{"@type":"ListItem","position":3,"name":"FAQ"}]},{"@type":"WebSite","@id":"https:\/\/eratac.de\/en\/#website","url":"https:\/\/eratac.de\/en\/","name":"ERATAC - Tactical Mounts","description":"eratac","publisher":{"@id":"https:\/\/eratac.de\/en\/#organization"},"potentialAction":[{"@type":"SearchAction","target":{"@type":"EntryPoint","urlTemplate":"https:\/\/eratac.de\/en\/?s={search_term_string}"},"query-input":{"@type":"PropertyValueSpecification","valueRequired":true,"valueName":"search_term_string"}}],"inLanguage":"en-US"},{"@type":"Organization","@id":"https:\/\/eratac.de\/en\/#organization","name":"ERATAC - Tactical Mounts","url":"https:\/\/eratac.de\/en\/","logo":{"@type":"ImageObject","inLanguage":"en-US","@id":"https:\/\/eratac.de\/en\/#\/schema\/logo\/image\/","url":"https:\/\/eratac.de\/wp-content\/uploads\/logo-full.svg","contentUrl":"https:\/\/eratac.de\/wp-content\/uploads\/logo-full.svg","width":446,"height":64,"caption":"ERATAC - Tactical Mounts"},"image":{"@id":"https:\/\/eratac.de\/en\/#\/schema\/logo\/image\/"}}]}},"_links":{"self":[{"href":"https:\/\/eratac.de\/en\/wp-json\/wp\/v2\/pages\/8700","targetHints":{"allow":["GET"]}}],"collection":[{"href":"https:\/\/eratac.de\/en\/wp-json\/wp\/v2\/pages"}],"about":[{"href":"https:\/\/eratac.de\/en\/wp-json\/wp\/v2\/types\/page"}],"author":[{"embeddable":true,"href":"https:\/\/eratac.de\/en\/wp-json\/wp\/v2\/users\/1"}],"replies":[{"embeddable":true,"href":"https:\/\/eratac.de\/en\/wp-json\/wp\/v2\/comments?post=8700"}],"version-history":[{"count":0,"href":"https:\/\/eratac.de\/en\/wp-json\/wp\/v2\/pages\/8700\/revisions"}],"up":[{"embeddable":true,"href":"https:\/\/eratac.de\/en\/wp-json\/wp\/v2\/pages\/8638"}],"wp:attachment":[{"href":"https:\/\/eratac.de\/en\/wp-json\/wp\/v2\/media?parent=8700"}],"curies":[{"name":"wp","href":"https:\/\/api.w.org\/{rel}","templated":true}]}}